{"id":5,"date":"2017-11-11T20:23:37","date_gmt":"2017-11-11T20:23:37","guid":{"rendered":"http:\/\/spmir.europole.eu\/?page_id=5"},"modified":"2022-03-22T04:43:46","modified_gmt":"2022-03-22T04:43:46","slug":"%d1%84%d0%be%d0%bd%d0%b4-%d1%81%d0%bf%d1%80%d0%b0%d0%b2%d0%b5%d0%b4%d0%bb%d0%b8%d0%b2%d1%8b%d0%b9-%d0%bc%d0%b8%d1%80","status":"publish","type":"page","link":"https:\/\/spmir.org\/es\/","title":{"rendered":"Fundaci\u00f3n Mundo Justo"},"content":{"rendered":"<p><img fetchpriority=\"high\" decoding=\"async\" data-attachment-id=\"385\" data-permalink=\"https:\/\/spmir.org\/es\/?attachment_id=385\" data-orig-file=\"https:\/\/spmir.org\/wp-content\/uploads\/2018\/08\/0.jpg\" data-orig-size=\"1920,850\" data-comments-opened=\"1\" data-image-meta=\"{&quot;aperture&quot;:&quot;0&quot;,&quot;credit&quot;:&quot;&quot;,&quot;camera&quot;:&quot;&quot;,&quot;caption&quot;:&quot;&quot;,&quot;created_timestamp&quot;:&quot;0&quot;,&quot;copyright&quot;:&quot;&quot;,&quot;focal_length&quot;:&quot;0&quot;,&quot;iso&quot;:&quot;0&quot;,&quot;shutter_speed&quot;:&quot;0&quot;,&quot;title&quot;:&quot;&quot;,&quot;orientation&quot;:&quot;0&quot;}\" data-image-title=\"0\" data-image-description=\"\" data-image-caption=\"\" data-medium-file=\"https:\/\/spmir.org\/wp-content\/uploads\/2018\/08\/0-300x133.jpg\" data-large-file=\"https:\/\/spmir.org\/wp-content\/uploads\/2018\/08\/0-1024x453.jpg\" class=\"alignnone wp-image-385 aligncenter\" src=\"http:\/\/spmir.org\/wp-content\/uploads\/2018\/08\/0-300x133.jpg\" alt=\"\" width=\"656\" height=\"291\" srcset=\"https:\/\/spmir.org\/wp-content\/uploads\/2018\/08\/0-300x133.jpg 300w, https:\/\/spmir.org\/wp-content\/uploads\/2018\/08\/0-768x340.jpg 768w, https:\/\/spmir.org\/wp-content\/uploads\/2018\/08\/0-1024x453.jpg 1024w, https:\/\/spmir.org\/wp-content\/uploads\/2018\/08\/0-750x332.jpg 750w, https:\/\/spmir.org\/wp-content\/uploads\/2018\/08\/0.jpg 1920w\" sizes=\"(max-width: 656px) 100vw, 656px\" \/><\/p>\n<p style=\"text-align: justify;\"><span id=\"result_box\" class=\"short_text\" lang=\"ru\"><span class=\"\"><span class=\"VIiyi\" lang=\"es\"><span class=\"JLqJ4b\" data-language-for-alternatives=\"es\" data-language-to-translate-into=\"ru\" data-phrase-index=\"0\" data-number-of-phrases=\"1\">La Fair World Foundation se cre\u00f3 para brindar ayuda real a los hu\u00e9rfanos y ni\u00f1os que se quedaron sin el cuidado de sus padres en la Rep\u00fablica de Buriatia (una de las regiones m\u00e1s remotas de Rusia en la lejana Siberia). Cada a\u00f1o compramos los alimentos, ropa, medicinas, etc. necesarios para las necesidades primarias de nuestros hu\u00e9rfanos y ni\u00f1os sin cuidado de sus padres, as\u00ed como de los ni\u00f1os con discapacidad. Gracias a tus donaciones, brindamos apoyo directo a la ni\u00f1ez y las instituciones sociales del estado infantil en las que se ubican. A Just World Foundation es parte de la red de orfanatos de Worldentalliance con la organizaci\u00f3n sin fines de lucro Piccoli Mondi en Italia y Filomundo en Espa\u00f1a.<\/span><\/span> <\/span><\/span><\/p>\n<p><\/p>\n<p>Visitas: 122983<\/p>","protected":false},"excerpt":{"rendered":"<p>La Fair World Foundation se cre\u00f3 para brindar ayuda real a los hu\u00e9rfanos y ni\u00f1os que se quedaron sin el cuidado de sus padres en la Rep\u00fablica de Buriatia (una de las regiones m\u00e1s remotas de Rusia en la lejana Siberia). Cada a\u00f1o compramos los alimentos, ropa, medicinas, etc. necesarios para las necesidades primarias de [&hellip;]<\/p>\n","protected":false},"author":1,"featured_media":0,"parent":0,"menu_order":0,"comment_status":"open","ping_status":"closed","template":"","meta":{"give_campaign_id":0,"_coblocks_attr":"","_coblocks_dimensions":"","_coblocks_responsive_height":"","_coblocks_accordion_ie_support":"","_eb_attr":"","_themeisle_gutenberg_block_has_review":false,"jetpack_post_was_ever_published":false,"footnotes":""},"class_list":["post-5","page","type-page","status-publish","hentry"],"yoast_head":"<!-- This site is optimized with the Yoast SEO plugin v27.3 - https:\/\/yoast.com\/product\/yoast-seo-wordpress\/ -->\n<title>Fundaci\u00f3n Mundo Justo - Fair World Foundation<\/title>\n<meta name=\"robots\" content=\"index, follow, max-snippet:-1, max-image-preview:large, max-video-preview:-1\" \/>\n<link rel=\"canonical\" href=\"https:\/\/spmir.org\/es\/\" \/>\n<meta property=\"og:locale\" content=\"es_ES\" \/>\n<meta property=\"og:type\" content=\"article\" \/>\n<meta property=\"og:title\" content=\"Fundaci\u00f3n Mundo Justo - Fair World Foundation\" \/>\n<meta property=\"og:description\" content=\"La Fair World Foundation se cre\u00f3 para brindar ayuda real a los hu\u00e9rfanos y ni\u00f1os que se quedaron sin el cuidado de sus padres en la Rep\u00fablica de Buriatia (una de las regiones m\u00e1s remotas de Rusia en la lejana Siberia). Cada a\u00f1o compramos los alimentos, ropa, medicinas, etc. necesarios para las necesidades primarias de [&hellip;]\" \/>\n<meta property=\"og:url\" content=\"https:\/\/spmir.org\/es\/\" \/>\n<meta property=\"og:site_name\" content=\"Fair World Foundation\" \/>\n<meta property=\"article:modified_time\" content=\"2022-03-22T04:43:46+00:00\" \/>\n<meta property=\"og:image\" content=\"http:\/\/spmir.org\/wp-content\/uploads\/2018\/08\/0-300x133.jpg\" \/>\n<meta name=\"twitter:card\" content=\"summary_large_image\" \/>\n<meta name=\"twitter:label1\" content=\"Tiempo de lectura\" \/>\n\t<meta name=\"twitter:data1\" content=\"1 minuto\" \/>\n<script type=\"application\/ld+json\" class=\"yoast-schema-graph\">{\"@context\":\"https:\\\/\\\/schema.org\",\"@graph\":[{\"@type\":\"WebPage\",\"@id\":\"https:\\\/\\\/spmir.org\\\/es\\\/\",\"url\":\"https:\\\/\\\/spmir.org\\\/es\\\/\",\"name\":\"Fundaci\u00f3n Mundo Justo - Fair World Foundation\",\"isPartOf\":{\"@id\":\"https:\\\/\\\/spmir.org\\\/es\\\/#website\"},\"primaryImageOfPage\":{\"@id\":\"https:\\\/\\\/spmir.org\\\/es\\\/#primaryimage\"},\"image\":{\"@id\":\"https:\\\/\\\/spmir.org\\\/#primaryimage\"},\"thumbnailUrl\":\"http:\\\/\\\/spmir.org\\\/wp-content\\\/uploads\\\/2018\\\/08\\\/0-300x133.jpg\",\"datePublished\":\"2017-11-11T20:23:37+00:00\",\"dateModified\":\"2022-03-22T04:43:46+00:00\",\"breadcrumb\":{\"@id\":\"https:\\\/\\\/spmir.org\\\/es\\\/#breadcrumb\"},\"inLanguage\":\"es\",\"potentialAction\":[{\"@type\":\"ReadAction\",\"target\":[[\"https:\\\/\\\/spmir.org\\\/es\\\/\"]]}]},{\"@type\":\"ImageObject\",\"inLanguage\":\"es\",\"@id\":\"https:\\\/\\\/spmir.org\\\/es\\\/#primaryimage\",\"url\":\"http:\\\/\\\/spmir.org\\\/wp-content\\\/uploads\\\/2018\\\/08\\\/0-300x133.jpg\",\"contentUrl\":\"http:\\\/\\\/spmir.org\\\/wp-content\\\/uploads\\\/2018\\\/08\\\/0-300x133.jpg\"},{\"@type\":\"BreadcrumbList\",\"@id\":\"https:\\\/\\\/spmir.org\\\/es\\\/#breadcrumb\",\"itemListElement\":[{\"@type\":\"ListItem\",\"position\":1,\"name\":\"Home\",\"item\":\"https:\\\/\\\/spmir.org\\\/es\\\/\"},{\"@type\":\"ListItem\",\"position\":2,\"name\":\"Fondazione mondo Onesto\"}]},{\"@type\":\"WebSite\",\"@id\":\"https:\\\/\\\/spmir.org\\\/es\\\/#website\",\"url\":\"https:\\\/\\\/spmir.org\\\/es\\\/\",\"name\":\"Fair World Foundation\",\"description\":\"To help orphans disable children in Siberia\",\"potentialAction\":[{\"@type\":\"SearchAction\",\"target\":{\"@type\":\"EntryPoint\",\"urlTemplate\":\"https:\\\/\\\/spmir.org\\\/es\\\/?s={search_term_string}\"},\"query-input\":{\"@type\":\"PropertyValueSpecification\",\"valueRequired\":true,\"valueName\":\"search_term_string\"}}],\"inLanguage\":\"es\"}]}<\/script>\n<!-- \/ Yoast SEO plugin. -->","yoast_head_json":{"title":"Fundaci\u00f3n Mundo Justo - Fair World Foundation","robots":{"index":"index","follow":"follow","max-snippet":"max-snippet:-1","max-image-preview":"max-image-preview:large","max-video-preview":"max-video-preview:-1"},"canonical":"https:\/\/spmir.org\/es\/","og_locale":"es_ES","og_type":"article","og_title":"Fundaci\u00f3n Mundo Justo - Fair World Foundation","og_description":"La Fair World Foundation se cre\u00f3 para brindar ayuda real a los hu\u00e9rfanos y ni\u00f1os que se quedaron sin el cuidado de sus padres en la Rep\u00fablica de Buriatia (una de las regiones m\u00e1s remotas de Rusia en la lejana Siberia). Cada a\u00f1o compramos los alimentos, ropa, medicinas, etc. necesarios para las necesidades primarias de [&hellip;]","og_url":"https:\/\/spmir.org\/es\/","og_site_name":"Fair World Foundation","article_modified_time":"2022-03-22T04:43:46+00:00","og_image":[{"url":"http:\/\/spmir.org\/wp-content\/uploads\/2018\/08\/0-300x133.jpg","type":"","width":"","height":""}],"twitter_card":"summary_large_image","twitter_misc":{"Tiempo de lectura":"1 minuto"},"schema":{"@context":"https:\/\/schema.org","@graph":[{"@type":"WebPage","@id":"https:\/\/spmir.org\/es\/","url":"https:\/\/spmir.org\/es\/","name":"Fundaci\u00f3n Mundo Justo - Fair World Foundation","isPartOf":{"@id":"https:\/\/spmir.org\/es\/#website"},"primaryImageOfPage":{"@id":"https:\/\/spmir.org\/es\/#primaryimage"},"image":{"@id":"https:\/\/spmir.org\/#primaryimage"},"thumbnailUrl":"http:\/\/spmir.org\/wp-content\/uploads\/2018\/08\/0-300x133.jpg","datePublished":"2017-11-11T20:23:37+00:00","dateModified":"2022-03-22T04:43:46+00:00","breadcrumb":{"@id":"https:\/\/spmir.org\/es\/#breadcrumb"},"inLanguage":"es","potentialAction":[{"@type":"ReadAction","target":[["https:\/\/spmir.org\/es\/"]]}]},{"@type":"ImageObject","inLanguage":"es","@id":"https:\/\/spmir.org\/es\/#primaryimage","url":"http:\/\/spmir.org\/wp-content\/uploads\/2018\/08\/0-300x133.jpg","contentUrl":"http:\/\/spmir.org\/wp-content\/uploads\/2018\/08\/0-300x133.jpg"},{"@type":"BreadcrumbList","@id":"https:\/\/spmir.org\/es\/#breadcrumb","itemListElement":[{"@type":"ListItem","position":1,"name":"Home","item":"https:\/\/spmir.org\/es\/"},{"@type":"ListItem","position":2,"name":"Fondazione mondo Onesto"}]},{"@type":"WebSite","@id":"https:\/\/spmir.org\/es\/#website","url":"https:\/\/spmir.org\/es\/","name":"Fair World Foundation","description":"To help orphans disable children in Siberia","potentialAction":[{"@type":"SearchAction","target":{"@type":"EntryPoint","urlTemplate":"https:\/\/spmir.org\/es\/?s={search_term_string}"},"query-input":{"@type":"PropertyValueSpecification","valueRequired":true,"valueName":"search_term_string"}}],"inLanguage":"es"}]}},"campaignId":"","jetpack_sharing_enabled":true,"jetpack_likes_enabled":true,"jetpack_shortlink":"https:\/\/wp.me\/P9Pprg-5","_links":{"self":[{"href":"https:\/\/spmir.org\/es\/wp-json\/wp\/v2\/pages\/5","targetHints":{"allow":["GET"]}}],"collection":[{"href":"https:\/\/spmir.org\/es\/wp-json\/wp\/v2\/pages"}],"about":[{"href":"https:\/\/spmir.org\/es\/wp-json\/wp\/v2\/types\/page"}],"author":[{"embeddable":true,"href":"https:\/\/spmir.org\/es\/wp-json\/wp\/v2\/users\/1"}],"replies":[{"embeddable":true,"href":"https:\/\/spmir.org\/es\/wp-json\/wp\/v2\/comments?post=5"}],"version-history":[{"count":14,"href":"https:\/\/spmir.org\/es\/wp-json\/wp\/v2\/pages\/5\/revisions"}],"predecessor-version":[{"id":1116,"href":"https:\/\/spmir.org\/es\/wp-json\/wp\/v2\/pages\/5\/revisions\/1116"}],"wp:attachment":[{"href":"https:\/\/spmir.org\/es\/wp-json\/wp\/v2\/media?parent=5"}],"curies":[{"name":"wp","href":"https:\/\/api.w.org\/{rel}","templated":true}]}}